{"id":384,"date":"2022-02-28T13:07:48","date_gmt":"2022-02-28T13:07:48","guid":{"rendered":"https:\/\/k22sthlm.se\/384-2\/"},"modified":"2023-05-02T07:44:24","modified_gmt":"2023-05-02T07:44:24","slug":"konferensrum","status":"publish","type":"page","link":"https:\/\/k22sthlm.se\/?page_id=384","title":{"rendered":"konferensrum"},"content":{"rendered":"<div id=\"cs-content\" class=\"cs-content\"><\/div>\n","protected":false},"excerpt":{"rendered":"<p>KonferensrumKonferensrum f\u00f6r max cirka 10 personer i v\u00e5r lokal med ett perfekt l\u00e4ge p\u00e5 Krukmakargatan 22 p\u00e5 S\u00f6dermalm, n\u00e4ra Mariatorgets T-bana, 4:ans buss och Stockholm S\u00f6dra pendelt\u00e5gsstation. Mitt i Stockholms kanske restaurang- och caf\u00e9t\u00e4taste kvarter. Konferensrummet ing\u00e5r i hyran av plats, hel- eller halvtid. Bokning sker p\u00e5 v\u00e5rt intran\u00e4t. \u2022 Rummet \u00e4r utrustat med konferensbord, whiteboard och en stor sk\u00e4rm &#8230; <\/p>\n<div><a href=\"https:\/\/k22sthlm.se\/?page_id=384\" class=\"more-link\">Read More<\/a><\/div>\n","protected":false},"author":1,"featured_media":0,"parent":0,"menu_order":0,"comment_status":"closed","ping_status":"closed","template":"","meta":{"footnotes":""},"class_list":["post-384","page","type-page","status-publish","hentry","no-post-thumbnail"],"_links":{"self":[{"href":"https:\/\/k22sthlm.se\/index.php?rest_route=\/wp\/v2\/pages\/384","targetHints":{"allow":["GET"]}}],"collection":[{"href":"https:\/\/k22sthlm.se\/index.php?rest_route=\/wp\/v2\/pages"}],"about":[{"href":"https:\/\/k22sthlm.se\/index.php?rest_route=\/wp\/v2\/types\/page"}],"author":[{"embeddable":true,"href":"https:\/\/k22sthlm.se\/index.php?rest_route=\/wp\/v2\/users\/1"}],"replies":[{"embeddable":true,"href":"https:\/\/k22sthlm.se\/index.php?rest_route=%2Fwp%2Fv2%2Fcomments&post=384"}],"version-history":[{"count":7,"href":"https:\/\/k22sthlm.se\/index.php?rest_route=\/wp\/v2\/pages\/384\/revisions"}],"predecessor-version":[{"id":435,"href":"https:\/\/k22sthlm.se\/index.php?rest_route=\/wp\/v2\/pages\/384\/revisions\/435"}],"wp:attachment":[{"href":"https:\/\/k22sthlm.se\/index.php?rest_route=%2Fwp%2Fv2%2Fmedia&parent=384"}],"curies":[{"name":"wp","href":"https:\/\/api.w.org\/{rel}","templated":true}]}}