{"id":346,"date":"2021-03-10T15:14:18","date_gmt":"2021-03-10T15:14:18","guid":{"rendered":"https:\/\/k22sthlm.se\/?page_id=346"},"modified":"2025-12-05T09:38:05","modified_gmt":"2025-12-05T09:38:05","slug":"hyr-kontorsplats","status":"publish","type":"page","link":"https:\/\/k22sthlm.se\/?page_id=346","title":{"rendered":"hyr-kontorsplats"},"content":{"rendered":"<div id=\"cs-content\" class=\"cs-content\"><div class=\"x-section e346-e1 m9m-0 m9m-1\"><div class=\"x-row x-container max width e346-e2 m9m-9 m9m-a\"><div class=\"x-row-inner\"><div class=\"x-col e346-e3 m9m-b\"><div class=\"x-text x-content e346-e4 m9m-c m9m-d m9m-e m9m-f\"><h1 style=\"text-align: center;\">Hyr kontorsplats!<\/h1><\/div><\/div><\/div><\/div><\/div><div class=\"x-section e346-e5 m9m-1 m9m-2 m9m-3 m9m-4 m9m-5\"><div class=\"x-container max width e346-e6 m9m-k m9m-l\"><div class=\"x-column x-sm x-1-1 e346-e7 m9m-m m9m-n\"><div class=\"x-text x-content e346-e8 m9m-e m9m-f m9m-g m9m-h\"><h2 style=\"text-align: center;\"><small>Coworking, kontorsplatser,&nbsp; frilansplatser,&nbsp; kontorsrum<\/small><\/h2>\n<p style=\"text-align: center;\">Vi delar p&aring; konferensrum, k&ouml;k, skrivare m m. N&aring;gra p&aring; deltid och flera p&aring; heltid. Ofta hittar man nya aff&auml;rsm&ouml;jligheter med andra p&aring; K22. Flytta in och b&ouml;rja arbeta direkt, s&aring; tar vi hand om resten!<\/p>\n<p style=\"font-size: 1.2em; text-align: center;\"><b><span style=\"color: #ff0000;\">E<\/span>n provm&aring;nad utan upps&auml;gningstid. Ring 070 515 30 01.<\/b><\/p><\/div><\/div><\/div><\/div><div class=\"x-section e346-e9 m9m-1 m9m-3 m9m-5 m9m-6\"><div class=\"x-container max width e346-e10 m9m-k\"><div class=\"x-column x-sm x-1-1 e346-e11 m9m-m\"><div class=\"x-text x-content e346-e12 m9m-c m9m-f m9m-h m9m-i\"><h4 style=\"text-align: center;\">Vi har tv\u00e5 olika former av medlemskap:<\/h4><\/div><\/div><\/div><\/div><div class=\"x-section e346-e13 m9m-1 m9m-4 m9m-5 m9m-7\"><div class=\"x-container max width e346-e14 m9m-k m9m-l\"><div class=\"x-column x-sm x-1-1 e346-e15 m9m-m m9m-n\"><div  class=\"x-pricing-table cf two-columns\" ><div  class=\"x-pricing-column featured\" ><h2 class=\"man\">Heltid<\/h2><div class=\"x-pricing-column-info\"><h3 class=\"x-price\">Fr\u00e5n 4 500 kr<\/h3><span class=\"x-interval\">Per m\u00e5nad, plus moms<\/span><p style=\"text-align: left;\"><ul id=\"\" class=\"x-ul-icons\" style=\"\" ><br \/>\n<li id=\"\" class=\"x-li-icon\" style=\"\" ><i class=\"x-icon-chevron-right\" aria-hidden=\"true\" style=\"\" data-x-icon-s=\"&#xf054;\" ><\/i>Justerbart skrivbord, ergonomisk stol<\/li><li id=\"\" class=\"x-li-icon\" style=\"\" ><i class=\"x-icon-chevron-right\" aria-hidden=\"true\" style=\"\" data-x-icon-s=\"&#xf054;\" ><\/i>Gener\u00f6st sk\u00e5p- och hyllutrymme<\/li><li id=\"\" class=\"x-li-icon\" style=\"\" ><i class=\"x-icon-chevron-right\" aria-hidden=\"true\" style=\"\" data-x-icon-s=\"&#xf054;\" ><\/i>Tillg\u00e5ng dygnet runt<\/li><br \/>\n<li id=\"\" class=\"x-li-icon\" style=\"\" ><i class=\"x-icon-chevron-right\" aria-hidden=\"true\" style=\"\" data-x-icon-s=\"&#xf054;\" ><\/i>Snabbt wifi (1000 MB fiber)<\/li><br \/>\n<li id=\"\" class=\"x-li-icon\" style=\"\" ><i class=\"x-icon-chevron-right\" aria-hidden=\"true\" style=\"\" data-x-icon-s=\"&#xf054;\" ><\/i>Gratis utskrifter i A3- och A4, f\u00e4rg och svartvitt <\/li><li id=\"\" class=\"x-li-icon\" style=\"\" ><i class=\"x-icon-chevron-right\" aria-hidden=\"true\" style=\"\" data-x-icon-s=\"&#xf054;\" ><\/i>Fri tillg\u00e5ng till tv\u00e5 konferensrum, ljudstudio, k\u00f6k med mera<\/li><li id=\"\" class=\"x-li-icon\" style=\"\" ><i class=\"x-icon-chevron-right\" aria-hidden=\"true\" style=\"\" data-x-icon-s=\"&#xf054;\" ><\/i>Gratis kaffe, te, mj\u00f6lk med mera<\/li><li id=\"\" class=\"x-li-icon\" style=\"\" ><i class=\"x-icon-chevron-right\" aria-hidden=\"true\" style=\"\" data-x-icon-s=\"&#xf054;\" ><\/i>st\u00e4dning<\/li><\/ul><\/p>\n<p style=\"text-align: center;\"><a href=\"mailto:christoffer@ladda.se\" class=\"x-btn x-btn-regular\">Kontakta oss<\/a><\/p><\/div><\/div><div  class=\"x-pricing-column featured\" ><h2 class=\"man\">Deltid<\/h2><div class=\"x-pricing-column-info\"><h3 class=\"x-price\">2 500 kr<\/h3><span class=\"x-interval\">Per m\u00e5nad, plus moms<\/span><p style=\"text-align: center;\"><ul id=\"\" class=\"x-ul-icons\" style=\"\" ><br \/>\n<li id=\"\" class=\"x-li-icon\" style=\"\" ><i class=\"x-icon-chevron-right\" aria-hidden=\"true\" style=\"\" data-x-icon-s=\"&#xf054;\" ><\/i>Flexibel plats, upp till 20 timmar\/vecka, F\u00f6rvaringssk\u00e5p<\/li><li id=\"\" class=\"x-li-icon\" style=\"\" ><i class=\"x-icon-chevron-right\" aria-hidden=\"true\" style=\"\" data-x-icon-s=\"&#xf054;\" ><\/i>Vissa platser \u00e4r utrustade med bildsk\u00e4rmar<\/li><li id=\"\" class=\"x-li-icon\" style=\"\" ><i class=\"x-icon-chevron-right\" aria-hidden=\"true\" style=\"\" data-x-icon-s=\"&#xf054;\" ><\/i>Tillg\u00e5ng dygnet runt<\/li><br \/>\n<li id=\"\" class=\"x-li-icon\" style=\"\" ><i class=\"x-icon-chevron-right\" aria-hidden=\"true\" style=\"\" data-x-icon-s=\"&#xf054;\" ><\/i>Snabbt wifi (1000 MB fiber)<\/li><br \/>\n<li id=\"\" class=\"x-li-icon\" style=\"\" ><i class=\"x-icon-chevron-right\" aria-hidden=\"true\" style=\"\" data-x-icon-s=\"&#xf054;\" ><\/i>Gratis utskrifter i A3- och A4, f\u00e4rg och svartvitt <\/li><li id=\"\" class=\"x-li-icon\" style=\"\" ><i class=\"x-icon-chevron-right\" aria-hidden=\"true\" style=\"\" data-x-icon-s=\"&#xf054;\" ><\/i>Fri tillg\u00e5ng till tv\u00e5 konferensrum, ljudstudio, k\u00f6k med mera<\/li><li id=\"\" class=\"x-li-icon\" style=\"\" ><i class=\"x-icon-chevron-right\" aria-hidden=\"true\" style=\"\" data-x-icon-s=\"&#xf054;\" ><\/i>Gratis kaffe, te, mj\u00f6lk med mera<\/li><li id=\"\" class=\"x-li-icon\" style=\"\" ><i class=\"x-icon-chevron-right\" aria-hidden=\"true\" style=\"\" data-x-icon-s=\"&#xf054;\" ><\/i>st\u00e4dning<\/li><\/ul><\/p>\n<p style=\"text-align: center;\"><a href=\"mailto:christoffer@ladda.se\" class=\"x-btn x-btn-regular\">Kontakta oss<\/a><\/p><\/div><\/div><\/div><\/div><\/div><\/div><div class=\"x-section e346-e19 m9m-1 m9m-5 m9m-7 m9m-8\"><div class=\"x-container max width e346-e20 m9m-k\"><div class=\"x-column x-sm x-1-3 e346-e21 m9m-m\"><div class=\"x-text x-content e346-e22 m9m-f m9m-j\"><h5><span style=\"color: #ffffff;\">\u00bbK22 \u00e4r det b\u00e4sta st\u00e4llet jag suttit p\u00e5! Bra arbetsro, v\u00e4ldigt trevliga m\u00e4nniskor, sp\u00e4nnande lunchsamtal, bra sammanh\u00e5llning, trevliga, gener\u00f6sa, kompetenta och avslappnade kollegor och lokaler som \u00e4r snygga och sk\u00f6ts proffsigt. Dessutom superbra l\u00e4ge i stan.\u00ab<\/span><\/h5>\n<p><span style=\"color: #ffffff;\">\u2013 Maria Gerlofson<\/span><\/p><\/div><hr class=\"x-line e346-e23 m9m-o\"\/><\/div><div class=\"x-column x-sm x-1-3 e346-e24 m9m-m\"><div class=\"x-text x-content e346-e25 m9m-f m9m-j\"><h5><span style=\"color: #ffffff;\">\u00bbF\u00f6rutom inspirerande m\u00f6ten och samtal vid lunchbordet s\u00e5 blir jag mer strukturerad och effektiv n\u00e4r jag sitter p\u00e5 K22. En perfekt win-win!\u00ab<\/span><\/h5>\n<p><span style=\"color: #ffffff;\">\u2013 Annika Lindqvist<\/span><\/p><\/div><hr class=\"x-line e346-e26 m9m-o\"\/><\/div><div class=\"x-column x-sm x-1-3 e346-e27 m9m-m\"><div class=\"x-text x-content e346-e28 m9m-f m9m-j\"><h5><span style=\"color: #ffffff;\">\u00bbH\u00e4r m\u00f6ter du en h\u00e4rlig gemenskap och v\u00e4ldigt professionella m\u00e4nniskor inom alla m\u00f6jliga omr\u00e5den som har med kommunikation att g\u00f6ra. Det \u00e4r en plats att trivas p\u00e5 som dessutom bjuder p\u00e5 m\u00e5nga m\u00f6jligheter till samarbete mellan f\u00f6retagen.\u00ab<\/span><\/h5>\n<p><span style=\"color: #ffffff;\">\u2013 Lars Hallstr\u00f6m<\/span><\/p><\/div><hr class=\"x-line e346-e29 m9m-o\"\/><\/div><\/div><\/div><\/div>\n","protected":false},"excerpt":{"rendered":"<p>Hyr kontorsplats!Coworking, kontorsplatser,&nbsp; frilansplatser,&nbsp; kontorsrum Vi delar p&aring; konferensrum, k&ouml;k, skrivare m m. N&aring;gra p&aring; deltid och flera p&aring; heltid. Ofta hittar man nya aff&auml;rsm&ouml;jligheter med andra p&aring; K22. Flytta in och b&ouml;rja arbeta direkt, s&aring; tar vi hand om resten! En provm&aring;nad utan upps&auml;gningstid. Ring 070 515 30 01.Vi har tv\u00e5 olika former av medlemskap:HeltidFr\u00e5n 4 500 krPer m\u00e5nad, &#8230; <\/p>\n<div><a href=\"https:\/\/k22sthlm.se\/?page_id=346\" class=\"more-link\">Read More<\/a><\/div>\n","protected":false},"author":1,"featured_media":0,"parent":0,"menu_order":0,"comment_status":"closed","ping_status":"closed","template":"template-blank-2.php","meta":{"footnotes":""},"class_list":["post-346","page","type-page","status-publish","hentry","no-post-thumbnail"],"_links":{"self":[{"href":"https:\/\/k22sthlm.se\/index.php?rest_route=\/wp\/v2\/pages\/346","targetHints":{"allow":["GET"]}}],"collection":[{"href":"https:\/\/k22sthlm.se\/index.php?rest_route=\/wp\/v2\/pages"}],"about":[{"href":"https:\/\/k22sthlm.se\/index.php?rest_route=\/wp\/v2\/types\/page"}],"author":[{"embeddable":true,"href":"https:\/\/k22sthlm.se\/index.php?rest_route=\/wp\/v2\/users\/1"}],"replies":[{"embeddable":true,"href":"https:\/\/k22sthlm.se\/index.php?rest_route=%2Fwp%2Fv2%2Fcomments&post=346"}],"version-history":[{"count":15,"href":"https:\/\/k22sthlm.se\/index.php?rest_route=\/wp\/v2\/pages\/346\/revisions"}],"predecessor-version":[{"id":481,"href":"https:\/\/k22sthlm.se\/index.php?rest_route=\/wp\/v2\/pages\/346\/revisions\/481"}],"wp:attachment":[{"href":"https:\/\/k22sthlm.se\/index.php?rest_route=%2Fwp%2Fv2%2Fmedia&parent=346"}],"curies":[{"name":"wp","href":"https:\/\/api.w.org\/{rel}","templated":true}]}}